{"id":2180,"date":"2018-09-07T14:32:14","date_gmt":"2018-09-07T14:32:14","guid":{"rendered":"http:\/\/banater-schwaben-es.de\/?page_id=2180"},"modified":"2020-05-15T08:14:21","modified_gmt":"2020-05-15T08:14:21","slug":"30-jahre-trachtengruppe","status":"publish","type":"page","link":"https:\/\/banater-schwaben-es.de\/?page_id=2180","title":{"rendered":"30 Jahre Trachtengruppe"},"content":{"rendered":"<h2><strong>\u201eDas war Spitze!\u201c \u2013 30 Jahre Trachtengruppe des Kreisverbandes Esslingen <\/strong><\/h2>\n<p>Dieses Fazit konnte nach den Feierlichkeiten zum 30-j\u00e4hrigen Bestehen der Trachtengruppe Esslingen\/Wendlingen der Banater Schwaben gezogen werden. Zelebriert wurde der runde Geburtstag am 06. Oktober mit einem Festnachmittag und anschlie\u00dfendem Ball im Treffpunkt Stadtmitte in Wendlingen.<\/p>\n<p>\u201eHeute feiern wir ein gro\u00dfes Fest &#8211; 30 Jahr die Gl\u00e4ser hebt. Denn bei Blasmusik und Tanz haben wir so viel erlebt.\u201c So wurde zu den Kl\u00e4ngen der Polka \u201eVogelwiese\u201c der Festnachmittag singend und tanzend eingestimmt. Zuvor durften die \u201eOriginal Banater Dorfmusikanten\u201c den Nachmittag musikalisch er\u00f6ffnen. Nach der Begr\u00fc\u00dfung der G\u00e4ste durch den Vorsitzenden des Kreisverbandes Herbert Volk und einer Betonung der wichtigen Rolle der Trachtengruppe f\u00fcr das Wirken des Kreisverbandes wurden anschlie\u00dfend f\u00fcnf Mitglieder der Trachtengruppe durch den Bundesvorstand und den Kreisverband f\u00fcr ihren langj\u00e4hrigen Einsatz f\u00fcr die Trachtengruppe mit einer Ehrenurkunde geehrt: Renate und Arnold Krispin, Helga Schutz sowie Sabine und Peter Kobsa. Nach dem Gru\u00dfwort des B\u00fcrgermeisters der Stadt Wendlingen Steffen Weigel, in dem er die Bereicherung des kulturellen Lebens der Stadt Wendlingen durch die Trachtengruppe und deren Beitrag zur Vereinsjugendarbeit betonte, konnte das musikalische und t\u00e4nzerische Programm der Trachtengruppen beginnen.<\/p>\n<p>Eine besonders gro\u00dfe Freude war es f\u00fcr uns, dieses Geburtstagsfest mit unseren langj\u00e4hrigen Freunden aus M\u00fcnchen zu feiern. Die Trachtengruppe M\u00fcnchen der Banater Schwaben war als Gastgruppe zu diesem besonderen Fest eingeladen und hat das Programm mitgestaltet.<\/p>\n<p>Sowohl die Kinder- als auch die Jugendliche der Trachtengruppe KV Esslingen, zeigten an diesem Nachmittag neue und bekannte Volkst\u00e4nze, die zum Teil vom eigens f\u00fcr diesen Anlass gegr\u00fcndeten \u201eVolksmusik Quartett\u201c begleitet wurden. Das Quartett bestand aus Mitgliedern der Jugendgruppe und wir hoffen, dass wir sie in Zukunft noch \u00f6fter spielen h\u00f6ren.<\/p>\n<p>Zu einem solchen Festakt werden nat\u00fcrlich viele Ehreng\u00e4ste geladen. Leider konnten nicht alle pers\u00f6nlich teilnehmen und sendeten ihre Gru\u00dfworte in Briefform zu. \u201eIch habe mich dar\u00fcber [\u2026] gefreut, dass eine Trachtengruppe ein 30-j\u00e4hriges Jubil\u00e4um feiern kann und, dass dank einer konsequenten Kinder- und Jugendarbeit sowohl die Trachtengruppe als auch der Kreisverband zuversichtlich in die Zukunft schauen k\u00f6nnen.\u201c schrieb Peter- Dietmar Leber, der Bundesvorsitzende der Landsmannschaft der Banater Schwaben an die Trachtengruppe. Er wurde von Harald Schlapansky als stellvertretender Bundesvorsitzender vertreten. Auch Ehreng\u00e4ste der Dachverb\u00e4nde waren anwesend. Gratuliert wurde der Trachtengruppe vom djo-Deutsche Jugend in Europa, Landesvorsitzenden Hartmut Liebscher, der anl\u00e4sslich des Geburtstages ein Wochenende im djo Haus \u201eS\u00fcdm\u00e4hren\u201c in Ehningen schenkte, und dem Landesvorsitzenden der Heimat- und Trachtenverb\u00e4nde in Baden-W\u00fcrttemberg Reinhold Frank, der es sich nicht hat nehmen lassen, trotz Termin\u00fcberschneidungen der Trachtengruppe Gru\u00dfworte zu \u00fcberbringen. Weitere anwesende Ehreng\u00e4ste waren der Landesvorsitzende der Banater Schwaben Baden-W\u00fcrttemberg Josef Prunkl, die Mitglieder des Bundes- und Landesvorstandes Christine Neu, Richard J\u00e4ger und Werner Gilde mit Ehepartner, HOG- und Kreisvorsitzende, sowie Mitglieder des DBJT Vorstandes, aber auch unsere Freunde von der Egerl\u00e4nder Gmoi Wendlingen und der B\u00f6hmerw\u00e4lder Spielschar N\u00fcrtingen und anderen Verb\u00e4nden. Dr. Swantje Volkmann, Kulturreferentin f\u00fcr S\u00fcdosteuropa an der Stiftung Donauschw\u00e4bisches Zentralmuseum in <a href=\"https:\/\/de.wikipedia.org\/wiki\/Ulm\">Ulm<\/a>, sowie Walter Tonta, Redakteur der Banater Post, waren ebenfalls anwesend und feierten gemeinsam mit der Trachtengruppe das 30 j\u00e4hrige Bestehen. Nat\u00fcrlich durfte auch Theresia Teichert, als ehemalige Tanzleiterin der Trachtengruppe nicht fehlen.<\/p>\n<p>Patrick Polling, Bundesvorsitzender der Deutschen Banater Jugend- und Trachtengruppen (DBJT), f\u00fchrte neben seinem Gru\u00dfwort, in welchem er die Verbundenheit und Integration der Trachtengruppe in der DBJT hervorhob, eine Ehrung an diesem Nachmittag durch. Harald Schlapansky wurde offiziell verabschiedet und f\u00fcr seine Arbeit als Vorsitzender der DBJT gedankt. Als kleine \u00dcberraschung hatten 3 unserer M\u00e4nner eine a cappella Version des Liedes \u201eDie Fresch\u201c, Haralds heimlichem Lieblingslied, einstudiert und vorgetragen.<\/p>\n<p>Nat\u00fcrlich nutzte auch Renate Krispin, Gruppenleiterin der Trachtengruppe seit deren Gr\u00fcndung, die Gelegenheit um Allen zu danken, die in den letzten 30 Jahren zum Bestehen der Trachtengruppe beigetragen haben und dies immer noch tun. Sie ist \u201estolz auf alle ihre Tanzgruppenkinder. Jeder hat seine St\u00e4rken und es ist immer sch\u00f6n zu sehen, wie sie sich entwickeln.\u201c Die j\u00fcngsten Mitglieder durften dabei die neuen Vereins-Polo-Shirts vorstellen. Der Schriftzug \u201ewo tanzen verbindet\u201c soll das Tanzen als verbindendes Element in der Gruppe wiederspiegeln. Im Anschluss daran, wurden Mitglieder der Trachtengruppe f\u00fcr ihre aktive Arbeit in der Trachtengruppe geehrt, denn welcher Anlass h\u00e4tte besser gepasst als dieser? F\u00fcr f\u00fcnf Jahre: Anna Lehmann, Elisa Sch\u00f6ffler, Alessia Stahli, Janice Walter und Lars Wild. Zum Dank erhielten sie eine Ehrenurkunde und einen \u201eSportbeutel\u201c mit dem Trachtengruppenlogo, welcher ebenfalls anl\u00e4sslich des Jubil\u00e4ums kreiert wurde. F\u00fcr f\u00fcnfzehn Jahre: Ann-Kathrin Kobsa, sowie Lukas und Johannes Krispin. Diese bekamen f\u00fcr ihre langj\u00e4hrige Treue zus\u00e4tzlich zum Sportbeutel noch ein Jubil\u00e4umsglas, mit Namen der Jubilare und dem Logo der Trachtengruppen. Ebenso wurden noch allen am Jubil\u00e4um aktiven Teilnehmern eine Jubil\u00e4umsurkunde, sowie ein kleines Dankesch\u00f6n \u00fcberreicht.<\/p>\n<p>\u201eDenn bei Blasmusik und Tanz haben wir so viel erlebt.\u201c Wie im gesungenen Lied hat die Trachtengruppe in den letzten 30 Jahren sehr viel erlebt. Um all diese Erlebnisse und Geschichten festzuhalten, wurde eine Festschrift erstellt. Beim Durchbl\u00e4ttern schwelgte der eine oder andere in Erinnerungen und dachte daran zur\u00fcck, was er oder sie zu dieser Zeit mit der Trachtengruppe Esslingen erlebt hat. Dank vieler Bilder und Gedichte werden die letzten 30 Jahre der Trachtengruppe in der Festschrift wieder lebendig, denn bekanntlich sagen Bilder mehr als tausend Worte. Es ist immer wieder ein Genuss, sie durchzuschauen.<\/p>\n<p>Zwischen den Festreden spielten nicht nur die Original Banater Dorfmusikanten, sondern auch Tanzvorf\u00fchrungen der Trachtengruppe der Banater Schwaben aus M\u00fcnchen waren zu sehen. Sie pr\u00e4sentierten wundersch\u00f6ne T\u00e4nze, so zum Beispiel den \u201eSommerabend\u201c, der in der Konstellation ein Junge mit zwei M\u00e4dchen getanzt wurde.<\/p>\n<p>Zum Ende des Festaktes wurden von allen Trachtentr\u00e4gern, begleitet von den Original Banater Dorfmusikanten, die Gemeinschaftst\u00e4nze der DBJT getanzt und das Lied \u201eWahre Freundschaft\u201c gesungen. Hierbei wurde von den Trachtentr\u00e4gern das Publikum mit eingebunden, so dass ein gro\u00dfer, gemeinsamer Kreis entstand. Es war ein wundersch\u00f6nes einheitliches Bild und ein kr\u00f6nender Abschluss f\u00fcr diesen Festakt.<\/p>\n<p>Zu einem Geburtstag geh\u00f6rt nat\u00fcrlich auch eine richtige Party. Und so war es nach dem Festakt noch lange nicht vorbei. Zuerst konnte zu den Kl\u00e4ngen der \u201eOriginal Banater Dorfmusikanten\u201c und anschlie\u00dfend zur Musik der \u201eSchlager(B)engel\u201c ausgelassen gefeiert und getanzt werden. Auch die Trachtengruppe KV Esslingen heizte der Menge nochmal ein mit einer modernen Showeinlage. Die Kindergruppe tanzte ein Medley aus den Faschingsprogrammen der letzten Jahre und die Jugend einen eigens f\u00fcr diesen Anlass choreografierten Diskofox auf das Lied \u201eZuckerpuppen\u201c von Andreas Gabalier. Abschlie\u00dfend tanzten noch einmal alle zusammen mit der Gastgruppe aus M\u00fcnchen die Polka \u201eMein Banater Land\u201c.<\/p>\n<p>Diese Gelegenheit nutze nun die Trachtengruppe aus M\u00fcnchen, um der Trachtengruppe KV Esslingen ihre Gl\u00fcckw\u00fcnsche zu \u00fcberreichen und sich f\u00fcr die Einladung zu bedanken. Passend zum parallel stattfindenden M\u00fcnchner Oktoberfest \u00fcberreichten sie der Trachtengruppe ein riesiges Lebkuchenherz mit der Aufschrift \u201eSo jung kemma nimma zam\u201c und ein Fass Bayrisches Bier, wor\u00fcber sich Gro\u00df und Klein sehr gefreut haben.<\/p>\n<p>Doch was w\u00e4re ein Geburtstag ohne eine Geburtstagstorte. Diese wurde als letztes, gro\u00dfes Highlight am Abend &#8211; wie sollte es anders sein &#8211; t\u00e4nzerisch pr\u00e4sentiert. Kinder und Jugendliche tanzten voraus und Elvine Sch\u00f6ffler, unsere \u00a0B\u00e4ckerin folgte mit der wundersch\u00f6nen und leckeren Geburtstagstorte. Bei einem gemeinsamen \u201eHappy Birthday\u201c wurde ein kleines Feuerwerk entz\u00fcndet.<\/p>\n<p>Alles in allem kann man sagen, das Jubil\u00e4um war ein sehr gelungenes Fest und nach einer durchtanzten Nacht, fielen alle an der Organisation Beteiligten gl\u00fccklich und zufrieden am fr\u00fchen Morgen ins Bett.<\/p>\n<p>Doch am n\u00e4chsten Tag hie\u00df es gleich wieder fr\u00fch aufstehen. Um 9.30 Uhr trafen sich Mitglieder der Gruppe aus Wendlingen und M\u00fcnchen zum gemeinsamen Fr\u00fchst\u00fcck, gefolgt von einer Stadtbesichtigung in der Kreisstadt Esslingen. Die Gruppe aus M\u00fcnchen sollte einmal die Stadt kennenlernen, die namensgebend f\u00fcr unsere Gruppe aus Wendlingen ist. Denn die Trachtengruppe ist bei den anderen Gruppen der DBJT nur bekannt als \u201edie Esslinger\u201c.<\/p>\n<p>Bei sch\u00f6nstem Sonnenschein gab es eine kleine von Mitgliedern der TG KV Esslingen durchgef\u00fchrte Stadtf\u00fchrung und einen gemeinsamen Fu\u00dfmarsch auf die Esslinger Burg. Die Aussicht war atemberaubend und so wurde bei einem Getr\u00e4nk ausgelassen die Zeit zusammen ausgelassen genossen.<\/p>\n<p>Danke an alle, die zum Gelingen der Veranstaltung beigetragen haben, dem Vorstand des Kreisverbandes Esslingen und dem gesamten Organisationsteam: dem \u201eD`r Schwowe Club\u201c und seinen flei\u00dfigen Helfern, den Eltern der Trachtengruppe, Kirsten Wild f\u00fcr die sch\u00f6ne \u00a0Raum- \u00a0und Tischdekoration, den Kuchenspendern und dem Foto- und Videoteam. Danke an alle G\u00e4ste, die dieses Event unvergesslich gemacht haben. F\u00fcr alle Teilnehmenden war es ein erfolgreiches Festwochenende und wir freuen uns auf die n\u00e4chsten 30 Jahre mit der Trachtengruppe KV Esslingen die in Wendlingen zuhause ist.<\/p>\n<p>Anna Lehmann<\/p>\n","protected":false},"excerpt":{"rendered":"<p>\u201eDas war Spitze!\u201c \u2013 30 Jahre Trachtengruppe des Kreisverbandes Esslingen Dieses Fazit konnte nach den Feierlichkeiten zum 30-j\u00e4hrigen Bestehen der Trachtengruppe Esslingen\/Wendlingen der Banater Schwaben gezogen werden. Zelebriert wurde der runde Geburtstag am 06. Oktober mit einem Festnachmittag und anschlie\u00dfendem &hellip; <a href=\"https:\/\/banater-schwaben-es.de\/?page_id=2180\">Weiterlesen <span class=\"meta-nav\">&rarr;<\/span><\/a><\/p>\n","protected":false},"author":2,"featured_media":0,"parent":0,"menu_order":0,"comment_status":"closed","ping_status":"closed","template":"","meta":{"footnotes":""},"class_list":["post-2180","page","type-page","status-publish","hentry"],"_links":{"self":[{"href":"https:\/\/banater-schwaben-es.de\/index.php?rest_route=\/wp\/v2\/pages\/2180","targetHints":{"allow":["GET"]}}],"collection":[{"href":"https:\/\/banater-schwaben-es.de\/index.php?rest_route=\/wp\/v2\/pages"}],"about":[{"href":"https:\/\/banater-schwaben-es.de\/index.php?rest_route=\/wp\/v2\/types\/page"}],"author":[{"embeddable":true,"href":"https:\/\/banater-schwaben-es.de\/index.php?rest_route=\/wp\/v2\/users\/2"}],"replies":[{"embeddable":true,"href":"https:\/\/banater-schwaben-es.de\/index.php?rest_route=%2Fwp%2Fv2%2Fcomments&post=2180"}],"version-history":[{"count":7,"href":"https:\/\/banater-schwaben-es.de\/index.php?rest_route=\/wp\/v2\/pages\/2180\/revisions"}],"predecessor-version":[{"id":2835,"href":"https:\/\/banater-schwaben-es.de\/index.php?rest_route=\/wp\/v2\/pages\/2180\/revisions\/2835"}],"wp:attachment":[{"href":"https:\/\/banater-schwaben-es.de\/index.php?rest_route=%2Fwp%2Fv2%2Fmedia&parent=2180"}],"curies":[{"name":"wp","href":"https:\/\/api.w.org\/{rel}","templated":true}]}}