{"id":20,"date":"2010-07-04T16:48:17","date_gmt":"2010-07-04T16:48:17","guid":{"rendered":"http:\/\/BanaterTeckMusikantenstellensichvorZehnMusikerausderaltenHeimathabensichneuzusammengefundenundunterdemNamenBanaterTeckMusikanteneineneueMusikkapellegegr\u00fcn"},"modified":"2020-05-13T15:10:28","modified_gmt":"2020-05-13T15:10:28","slug":"banater-teck-musikanten","status":"publish","type":"page","link":"https:\/\/banater-schwaben-es.de\/?page_id=20","title":{"rendered":"Banater Teck Musikanten"},"content":{"rendered":"<h1>Banater Teck Musikanten stellen sich vor<\/h1>\n<p>Zehn Musiker aus der alten Heimat haben sich neu zusammengefunden und unter dem Namen<\/p>\n<p style=\"text-align: center;\"><strong><em>&#8222;Banater Teck Musikanten&#8220;<\/em><\/strong><\/p>\n<p>eine neue Musikkapelle gegr\u00fcndet.<\/p>\n<p><strong><a href=\"http:\/\/banater-schwaben-es.de\/wp-content\/uploads\/2010\/07\/Banater-Teck-Musikanten-2012.jpg\"><img loading=\"lazy\" decoding=\"async\" class=\"size-full wp-image-907\" title=\"Banater Teck Musikanten (2012)\" src=\"http:\/\/banater-schwaben-es.de\/wp-content\/uploads\/2010\/07\/Banater-Teck-Musikanten-2012.jpg\" alt=\"\" width=\"1024\" height=\"683\" srcset=\"https:\/\/banater-schwaben-es.de\/wp-content\/uploads\/2010\/07\/Banater-Teck-Musikanten-2012.jpg 1024w, https:\/\/banater-schwaben-es.de\/wp-content\/uploads\/2010\/07\/Banater-Teck-Musikanten-2012-300x200.jpg 300w\" sizes=\"auto, (max-width: 1024px) 100vw, 1024px\" \/><\/a><\/strong><\/p>\n<p style=\"text-align: center;\"><em><strong>Die Banater Teck Musikanten im Jahre 2012<\/strong><\/em><\/p>\n<p>Die Musikkapelle ist wie folgt besetzt:<\/p>\n<ul>\n<li>Kling Norbert: Saxophon, Klarinette (Weilimdorf \/ Glogowatz)<\/li>\n<li>Didicher Erwin: Saxophon, Klarinette (Kirchheim u. Teck \/ Traunau)<\/li>\n<li>Baumann Jakob: Posaune, Bassfl\u00fcgelhorn , Gesang (Eislingen \/ Neubanat)<\/li>\n<li>Raber Hans: Posaune, Bassfl\u00fcgelhorn (Neubanat)<\/li>\n<li>Friess Albert: Akkordeon, Keyboard, Gesang (Hohengehren \/ Traunau)<\/li>\n<li>Rottmann Willi: Schlagzeug (Sachsenheim \/ Sch\u00f6nberg)<\/li>\n<li>Fohran Josef: Tuba, E-Bass (Uhingen \/ Sch\u00f6ndorf)<\/li>\n<li>Kessel Michel: Trompete (Glogowatz)<\/li>\n<li>Schankula Johann: Trompete (Deizisau \/ Sch\u00f6ndorf)<\/li>\n<li>Lenhardt Konrad: Schlagzeug (Kirchheim \/ Kleinschemlak)<\/li>\n<li>Seibert Erich: Musikalischer Leiter, Trompete, Gesang (Sulzbach \/Wojteg).<\/li>\n<\/ul>\n<p>F\u00fcr Fragen oder Kartenreservierungen wenden Sie sich an:<\/p>\n<ul>\n<li>Erich Seibert (Tel. 07193-6483)<\/li>\n<li>Johann Schankula (Tel. 07153-22682)<\/li>\n<\/ul>\n<p><span style=\"margin: 0px; font-family: 'Verdana',sans-serif; font-size: 10.5pt;\"><span style=\"color: #000000;\">Eine Pr\u00e4sentation der Banater Teck Musikanten zum 10-j\u00e4hrigen Jubil\u00e4um k\u00f6nnen sie hier ansehen.<\/span><\/span><\/p>\n<p><iframe loading=\"lazy\" title=\"Banater Teck Musikanten 10 J\u00e4hriges Jubil\u00e4um\" width=\"640\" height=\"480\" src=\"https:\/\/www.youtube.com\/embed\/meX3LDLu0-c?feature=oembed\" frameborder=\"0\" allow=\"accelerometer; autoplay; clipboard-write; encrypted-media; gyroscope; picture-in-picture; web-share\" referrerpolicy=\"strict-origin-when-cross-origin\" allowfullscreen><\/iframe><\/p>\n<p><span style=\"margin: 0px; font-family: 'Verdana',sans-serif; font-size: 9pt;\"><span style=\"color: #000000;\">\u00a0<\/span><\/span><\/p>\n\n\n<p><strong>Musik\nmit Herz und Leidenschaft <\/strong><\/p>\n\n\n\n<h2 class=\"wp-block-heading\"><strong>10\nJahre Banater Teck Musikanten <\/strong><strong><\/strong><\/h2>\n\n\n\n<p>10\nJahre \u2013 wie schnell doch die Zeit vergangen ist. Es ist als sei gestern\ngewesen. <\/p>\n\n\n\n<p>10 Musiker aus verschiedenen Banater D\u00f6rfern \u00a0haben sich in Kirchheim u. Teck getroffen, um ihrer Liebe zur Musik Ausdruck zu verleihen. Ihre Begeisterung und Freude an der Musik haben sie \u00a0schon in der alten Heimat entdeckt und gelebt, indem sie in den Blaskapellen ihrer Heimatgemeinden mitgewirkt haben. Im April 2009 beschlie\u00dfen sie gemeinsam unter dem Namen \u201e<strong>Banater Teck Musikanten<\/strong>\u201c den Traum Wahrheit werden zu lassen. <\/p>\n\n\n\n<p>Die Initialen <strong>B\n<\/strong>von Banater, <strong>T<\/strong> von Teck und <strong>M<\/strong> von Musikanten assoziere ich mit <strong>B<\/strong> wie Brauchtum, <strong>T <\/strong>wieTradition und <strong>M<\/strong> wie Musik.<\/p>\n\n\n\n<p><strong>Brauchtum<\/strong>, weil sie viele Heimattreffen. Brauchtumsnachmittage und Volkstumsfeste \u00a0musikalisch umrahmen.<\/p>\n\n\n\n<p><strong>Tradition<\/strong>, weil sie versuchen im Faschingsball, Kathreinenball, Silvesterball, Brotsackball, Tanz in Mai und Herbstball die Tradition aus der alten Heimat fortzuf\u00fchren und sie nicht in Vergessenheit geraten zu lassen.<\/p>\n\n\n\n<p><strong>Musik<\/strong>, weil sie durch ihr vielf\u00e4ltiges Repertoire die Freude, die Begeisterung, aber auch die Erinnerung an die alte Heimat in uns allen wecken.<\/p>\n\n\n\n<p>Ja, es war nicht immer einfach und die Anf\u00e4nge vielleicht etwas schwierig, aber durch die Begeisterung f\u00fcr die Musik und den Zusammenhalt der Kapelle kam Aufgeben nicht in Frage. Die Besetzung hat sich im Laufe der Jahre auch ge\u00e4ndert, sei es altersbedingt, krankheitsbedingt oder aus pers\u00f6nlichen Gr\u00fcnden. Ein paar Musiker aus Siebenb\u00fcrgen, die im G\u00f6ppinger Raum ans\u00e4ssig sind, sind dazu gesto\u00dfen. Was geblieben ist, ist die Zahl 10 und die wunderbare Musik.<\/p>\n\n\n\n<p>Seit 2010 sind die Banater Teck Musikanten Mitglied im <em>Freundeskreis Donauschw\u00e4bische Blasmusik<\/em>. Daher haben sie schon 3 Mal beim Donauschw\u00e4bischen Blasmusikkonzert in Mannheim teilgenommen. F\u00fcr ihre dritte Teilnahme am Konzert wurden sie von Richard Hummel, dem Zweiten Vorsitzenden des Freundeskreises, in Vertretung des Vorsitzenden Stephan-Heinrich Pollmann, mit der <em>Ehrennadel des Vereins in Bronze<\/em> ausgezeichnet. <\/p>\n\n\n\n<p>Auch das Repertoire hat sich seit Beginn enorm ver\u00e4ndert. Man pflegt weiterhin die traditionelle donauschw\u00e4bische Blasmusik &#8211; Polka, Walzer, Tango, Fox &#8211; aber hat sich auch vor dem Neuen nicht verschlossen. Es wurden viele bekannte und beliebte Schlager in das Musikprogramm aufgenommen. Durch das breit gef\u00e4cherte Angebot kann man sich auf Messen pr\u00e4sentieren, aber auch die musikalische Mitgestaltung von Geburtstagen, Hochzeiten, Ehejubil\u00e4en z\u00e4hlen mittlerweile zu der Vielzahl der Anfragen.<\/p>\n\n\n\n<p>Im Laufe dieser 10 Jahre sind 2 CDs erschienen: die erste im Mai 2011 unter dem\u00a0 Titel \u201e<em>Fr\u00fchlingsbl\u00fcten<\/em>\u201c und die 2. im Dezember 2014 unter dem Titel \u201e<em>Heimatmelodien<\/em>\u201c. Die CDs enthalten wundersch\u00f6ne Titel, teils instrumental, teils mit Gesang.<\/p>\n\n\n\n<p>Der Erfolg und die Beliebtheit der BTM haben sich \u00fcber die Jahre gesteigert und heute sind die BTM aus dem Gro\u00dfraum G\u00f6ppingen nicht mehr wegzudenken. Nicht zuletzt hat der musikalische Leiter Erich Seibert durch seinen gef\u00fchlvollen Gesang und seine angenehme, sanfte Stimme den unverwechselbaren Sound der Kapelle gepr\u00e4gt. Mit seiner musikalischen Erfahrung, seinem pers\u00f6nlichen Einsatz und einer gro\u00dfen Portion Disziplin leitet er die Banater Teck Musikanten. Dabei ist nicht nur eine perfekte Musik wichtig, sondern vor allem soll die Begeisterung, der Elan, die Spielfreude und der Spass am Musizieren jedes einzelnen Musikers darin zum Ausdruck kommen und das Publikum mitrei\u00dfen.<\/p>\n\n\n\n<p>Heute\nwirken folgende Musiker mit: Willi Rottmann, Erwin Didicher, Josef Pumple,\nGeorg Roth, Helmut D\u00f6rner, Georg Bierkoch, Nicki Huber, Johann Schankula,\nHerbert Holz und Erich Seibert.<\/p>\n\n\n\n<p>Liebe Banater Teck Musikanten, zum 10-j\u00e4hrigen B\u00fchnenjubil\u00e4um\u00a0 die allerbesten Gl\u00fcckw\u00fcnsche, weiterhin viel Erfolg und Spielfreunde. Macht weiter so mit Begeisterung und Hingabe und erfreut mit eurer Musik noch viele Herzen! Uns w\u00fcnschen wir noch viele gemeinsame frohe Stunden und Jahre mit den Banater Teck Musikanten!<\/p>\n\n\n\n<p style=\"text-align:right\"><em>(Artikel f\u00fcr die &#8222;Banater Post&#8220; von\u00a0Helga Bernath.<br>Vorsitzende HOG Engelsbrunn)<\/em><\/p>\n","protected":false},"excerpt":{"rendered":"<p>Banater Teck Musikanten stellen sich vor Zehn Musiker aus der alten Heimat haben sich neu zusammengefunden und unter dem Namen &#8222;Banater Teck Musikanten&#8220; eine neue Musikkapelle gegr\u00fcndet. Die Banater Teck Musikanten im Jahre 2012 Die Musikkapelle ist wie folgt besetzt: &hellip; <a href=\"https:\/\/banater-schwaben-es.de\/?page_id=20\">Weiterlesen <span class=\"meta-nav\">&rarr;<\/span><\/a><\/p>\n","protected":false},"author":2,"featured_media":0,"parent":0,"menu_order":60,"comment_status":"closed","ping_status":"closed","template":"","meta":{"footnotes":""},"class_list":["post-20","page","type-page","status-publish","hentry"],"_links":{"self":[{"href":"https:\/\/banater-schwaben-es.de\/index.php?rest_route=\/wp\/v2\/pages\/20","targetHints":{"allow":["GET"]}}],"collection":[{"href":"https:\/\/banater-schwaben-es.de\/index.php?rest_route=\/wp\/v2\/pages"}],"about":[{"href":"https:\/\/banater-schwaben-es.de\/index.php?rest_route=\/wp\/v2\/types\/page"}],"author":[{"embeddable":true,"href":"https:\/\/banater-schwaben-es.de\/index.php?rest_route=\/wp\/v2\/users\/2"}],"replies":[{"embeddable":true,"href":"https:\/\/banater-schwaben-es.de\/index.php?rest_route=%2Fwp%2Fv2%2Fcomments&post=20"}],"version-history":[{"count":31,"href":"https:\/\/banater-schwaben-es.de\/index.php?rest_route=\/wp\/v2\/pages\/20\/revisions"}],"predecessor-version":[{"id":2747,"href":"https:\/\/banater-schwaben-es.de\/index.php?rest_route=\/wp\/v2\/pages\/20\/revisions\/2747"}],"wp:attachment":[{"href":"https:\/\/banater-schwaben-es.de\/index.php?rest_route=%2Fwp%2Fv2%2Fmedia&parent=20"}],"curies":[{"name":"wp","href":"https:\/\/api.w.org\/{rel}","templated":true}]}}