{"id":1999,"date":"2018-01-11T19:54:50","date_gmt":"2018-01-11T19:54:50","guid":{"rendered":"banater-schwaben-es.de\/?page_id=1999"},"modified":"2018-04-17T09:17:54","modified_gmt":"2018-04-17T09:17:54","slug":"jahresprogramm-2018","status":"publish","type":"page","link":"https:\/\/banater-schwaben-es.de\/?page_id=1999","title":{"rendered":"Jahresprogramm 2018"},"content":{"rendered":"<table width=\"638\">\n<tbody>\n<tr>\n<td><strong>Datum<\/strong><\/td>\n<td><strong>Veranstaltung<\/strong><\/td>\n<\/tr>\n<tr>\n<td>10. Februar<\/td>\n<td>Faschingsball des Kreisverbandes mit der Band \u201ePrimtaler\u201c<br \/>\nim &#8222;Treffpunkt Stadtmitte&#8220; Wendlingen<\/td>\n<\/tr>\n<tr>\n<td>18. Februar<\/td>\n<td>Hauptversammlung mit Wahlen DBJT, Ulm<\/td>\n<\/tr>\n<tr>\n<td>16. \u2013 17. M\u00e4rz<\/td>\n<td>DBJT Brauchtumsseminar in Bad Wurzach<br \/>\n(f\u00fcr Kinder und Erwachsene)<\/td>\n<\/tr>\n<tr>\n<td>23. M\u00e4rz<\/td>\n<td>Osterbrauchtumsnachmittag der Kindergruppe<br \/>\nVereinsraum<\/td>\n<\/tr>\n<tr>\n<td>29. April<\/td>\n<td>Maibaumfest in Wendlingen<\/td>\n<\/tr>\n<tr>\n<td>6. Mai<\/td>\n<td>Aktion \u201eWendlingen spielt\u201c<\/td>\n<\/tr>\n<tr>\n<td>19.-20. Mai<\/td>\n<td>Heimattage Ulm, TG Esslingen tanzt auch in der Fu\u00dfg\u00e4ngerzone am Samstag<\/td>\n<\/tr>\n<tr>\n<td>16. Juni<\/td>\n<td>DBJT Sportfest in Crailsheim<\/td>\n<\/tr>\n<tr>\n<td>13. &#8211; 15. Juli<\/td>\n<td>DBJT-Zeltlager in Spaichingen<\/td>\n<\/tr>\n<tr>\n<td>19. &#8211; 22. Juli<\/td>\n<td>Prager Folkloretage<\/td>\n<\/tr>\n<tr>\n<td>Juli<\/td>\n<td>Internes Grillfest<\/td>\n<\/tr>\n<tr>\n<td>August<\/td>\n<td>Beteiligung am Sommerferienprogramm<br \/>\nder Stadt Wendlingen<\/td>\n<\/tr>\n<tr>\n<td>25. &#8211; 26. August<\/td>\n<td>&#8222;Vinzenzifest&#8220; in Wendlingen<br \/>\n<em>Samstag:<\/em> Er\u00f6ffnungsfeier<br \/>\n<em>Sonntag:<\/em> Umzug<\/td>\n<\/tr>\n<tr>\n<td>?. September<\/td>\n<td>Bakowarer \u00a0Treffen<\/td>\n<\/tr>\n<tr>\n<td><\/td>\n<td><\/td>\n<\/tr>\n<tr>\n<td>06. Oktober<\/td>\n<td><em>Ab 16,00 Uhr<\/em><br \/>\nJubil\u00e4umsfeier 30. Jahre Trachtengruppe<br \/>\nKV Esslingen \u2013Wendlingen<em>Ab 19,00 Uhr<\/em><br \/>\nHerbstball des Kreisverbandes mit der Band \u201eSchlagerbengel\u201c im &#8222;Treffpunkt Stadtmitte&#8220; Wendlingen<\/td>\n<\/tr>\n<tr>\n<td>27.-28. Oktober<\/td>\n<td>Volkstanzfestival in Singen<\/td>\n<\/tr>\n<tr>\n<td>03. &#8211; 05. November<\/td>\n<td>2. DBJT Brauchtumsseminar in Bad Wurzach f\u00fcr Jugendliche<\/td>\n<\/tr>\n<tr>\n<td>09. \u00a0Dezember<\/td>\n<td>Weihnachtsfeier des Kreisverbandes<br \/>\nim kath. Gemeindezentrum St. Georg Wendlingen<\/td>\n<\/tr>\n<tr>\n<td>11. Dezember<\/td>\n<td>Theatervorf\u00fchrung mit Gedichten + Liedern<br \/>\nim B\u00fcrgertreff &#8222;Menschen im Treffpunkt Stadtmitte&#8220; Wendlingen<\/td>\n<\/tr>\n<\/tbody>\n<\/table>\n","protected":false},"excerpt":{"rendered":"<p>Datum Veranstaltung 10. Februar Faschingsball des Kreisverbandes mit der Band \u201ePrimtaler\u201c im &#8222;Treffpunkt Stadtmitte&#8220; Wendlingen 18. Februar Hauptversammlung mit Wahlen DBJT, Ulm 16. \u2013 17. M\u00e4rz DBJT Brauchtumsseminar in Bad Wurzach (f\u00fcr Kinder und Erwachsene) 23. M\u00e4rz Osterbrauchtumsnachmittag der Kindergruppe &hellip; <a href=\"https:\/\/banater-schwaben-es.de\/?page_id=1999\">Weiterlesen <span class=\"meta-nav\">&rarr;<\/span><\/a><\/p>\n","protected":false},"author":4,"featured_media":0,"parent":737,"menu_order":1,"comment_status":"closed","ping_status":"closed","template":"","meta":{"footnotes":""},"class_list":["post-1999","page","type-page","status-publish","hentry"],"_links":{"self":[{"href":"https:\/\/banater-schwaben-es.de\/index.php?rest_route=\/wp\/v2\/pages\/1999","targetHints":{"allow":["GET"]}}],"collection":[{"href":"https:\/\/banater-schwaben-es.de\/index.php?rest_route=\/wp\/v2\/pages"}],"about":[{"href":"https:\/\/banater-schwaben-es.de\/index.php?rest_route=\/wp\/v2\/types\/page"}],"author":[{"embeddable":true,"href":"https:\/\/banater-schwaben-es.de\/index.php?rest_route=\/wp\/v2\/users\/4"}],"replies":[{"embeddable":true,"href":"https:\/\/banater-schwaben-es.de\/index.php?rest_route=%2Fwp%2Fv2%2Fcomments&post=1999"}],"version-history":[{"count":8,"href":"https:\/\/banater-schwaben-es.de\/index.php?rest_route=\/wp\/v2\/pages\/1999\/revisions"}],"predecessor-version":[{"id":2051,"href":"https:\/\/banater-schwaben-es.de\/index.php?rest_route=\/wp\/v2\/pages\/1999\/revisions\/2051"}],"up":[{"embeddable":true,"href":"https:\/\/banater-schwaben-es.de\/index.php?rest_route=\/wp\/v2\/pages\/737"}],"wp:attachment":[{"href":"https:\/\/banater-schwaben-es.de\/index.php?rest_route=%2Fwp%2Fv2%2Fmedia&parent=1999"}],"curies":[{"name":"wp","href":"https:\/\/api.w.org\/{rel}","templated":true}]}}