{"id":1479,"date":"2015-03-01T20:05:32","date_gmt":"2015-03-01T20:05:32","guid":{"rendered":"banater-schwaben-es.de\/?page_id=1479"},"modified":"2017-01-13T10:05:54","modified_gmt":"2017-01-13T10:05:54","slug":"jahresprogramm-2015-2","status":"publish","type":"page","link":"https:\/\/banater-schwaben-es.de\/?page_id=1479","title":{"rendered":"Jahresprogramm 2015"},"content":{"rendered":"<table>\n<tbody>\n<tr>\n<td><strong>Datum<\/strong><\/td>\n<td><strong>Veranstaltung<\/strong><\/td>\n<\/tr>\n<tr>\n<td>17.01.<\/td>\n<td>\u201eGro\u00dfer Schwabenball&#8220; der Banater Schwaben M\u00fcnchen<br \/>\nGastst\u00e4tte &#8222;Heide Volm&#8220; in Planegg<br \/>\nWir waren G\u00e4ste der BTG M\u00fcnchen<\/td>\n<\/tr>\n<tr>\n<td>07.02.<\/td>\n<td>Faschingsball des Kreisverbandes im Treffpunkt Stadtmitte Wendlingen<\/td>\n<\/tr>\n<tr>\n<td>21.02.<\/td>\n<td>Hauptversammlung mit Wahlen DBJT, Ulm<\/td>\n<\/tr>\n<tr>\n<td>13. &#8211;\u00a015.03.<\/td>\n<td>DBJT Brauchtumsseminar auf dem Wieshof\/Allg\u00e4u, Kinder, Erwachsene<\/td>\n<\/tr>\n<tr>\n<td>27.03.<\/td>\n<td>Osterbrauchtumsnachmittag in der Kindergruppe; Vereinsraum<\/td>\n<\/tr>\n<tr>\n<td>11.04.<\/td>\n<td>Fr\u00fchlingsball Musikverein Unterboihingen\/Wendlingen<br \/>\nTreffpunkt Stadtmitte; Auftritt am Abend<\/td>\n<\/tr>\n<tr>\n<td>18.04.<\/td>\n<td>DBJT-Jugendball in N\u00fcrnberg<\/td>\n<\/tr>\n<tr>\n<td>26.04.<\/td>\n<td>Maibaumfest der Egerl\u00e4nder Gmoi Wendlingen<br \/>\nAuftritt aller Gruppen des Vereins<\/td>\n<\/tr>\n<tr>\n<td>20.06.<\/td>\n<td><strong>60.Landestrachtenfest und 20.Tanzfestival der Trachtengruppen der Banater Schwaben in BW<\/strong>, G\u00f6ppingen<\/td>\n<\/tr>\n<tr>\n<td>28.06.<\/td>\n<td><strong>Jubil\u00e4umsfeier 30.Jahre Banater Schwaben Kreisverband Esslingen<\/strong><br \/>\nKaffeenachmittag im Treffpunkt Stadtmitte Wendlingen \u2013 mit dem Schubertchor und den Banater Teckmusikanten<\/td>\n<\/tr>\n<tr>\n<td>\u00a09. &#8211; 12.07.<\/td>\n<td>\u00a0<strong>75 Jahre Wendlingen am Neckar<br \/>\n<\/strong>Donnerstag, 9. Juli \u2013 Festakt im Treffpunkt Stadtmitte<br \/>\nFreitag, \u00a0\u00a0\u00a0\u00a0\u00a0\u00a0\u00a010. Juli\u00a0 -Auftritt Jugendgruppen,<br \/>\nanschl. DIE NEUE 107.7 Party\u201c mit DJ Wolle<br \/>\nSamstag, \u00a0\u00a0\u00a0\u00a011. Juli<br \/>\n&#8211; nachmittags der Kommunale Seniorennachmittag<br \/>\n&#8211; abends die Konzertnacht der Vereine<br \/>\nSonntag, \u00a0\u00a0\u00a0\u00a0\u00a012. Juli<br \/>\n&#8211;\u00a0 vormittags \u00f6kumenischen Gottesdienst<br \/>\n&#8211;\u00a0 nachmittags Jubil\u00e4umsfestumzug, Auff\u00fchrungen, Musik u. T\u00e4nze<\/td>\n<\/tr>\n<tr>\n<td>Juli<\/td>\n<td>Zeltlager DBJT in W\u00f6rnitz bei Crailsheim<\/td>\n<\/tr>\n<tr>\n<td>Ende Juli<\/td>\n<td>Internes Grillfest<\/td>\n<\/tr>\n<tr>\n<td>August<\/td>\n<td>Beteiligung am Sommerferienprogramm der Stadt Wendlingen<\/td>\n<\/tr>\n<tr>\n<td>29. &#8211; 30.08.<\/td>\n<td>64. Vinzenzifest, verbunden mit dem 41. Egerl\u00e4nder Landestreffen Er\u00f6ffnung am Samstag,Brauchtumsdarbietung am Sonntag, Umzug<br \/>\n\u2013weitere Infos: <span style=\"color: #0000ff;\">www.vinzenzifest.de<\/span><\/td>\n<\/tr>\n<tr>\n<td>24.10.<\/td>\n<td><strong>Herbstball des Kreisverbandes<\/strong><br \/>\nim Treffpunkt Stadtmitte Wendlingen<br \/>\n<em>ACHTUNG !!!! es gibt daf\u00fcr keinen Kathreinenball<\/em><\/td>\n<\/tr>\n<tr>\n<td>06. -08.11.<\/td>\n<td>DBJT \u00a0Brauchtumsseminar, auf dem Wieshof\/Allg\u00e4u<br \/>\nJugend<\/td>\n<\/tr>\n<tr>\n<td>06.12.<\/td>\n<td>Weihnachtsfeier des Kreisverbandes<\/td>\n<\/tr>\n<tr>\n<td>xx.12.<\/td>\n<td>Gruppen \u2013 Jahresabschlussfeier<\/td>\n<\/tr>\n<tr>\n<td><strong>\u00a0<\/strong><\/td>\n<td><\/td>\n<\/tr>\n<tr>\n<td><strong>\u00a0<\/strong><\/td>\n<td><\/td>\n<\/tr>\n<\/tbody>\n<\/table>\n","protected":false},"excerpt":{"rendered":"<p>Datum Veranstaltung 17.01. \u201eGro\u00dfer Schwabenball&#8220; der Banater Schwaben M\u00fcnchen Gastst\u00e4tte &#8222;Heide Volm&#8220; in Planegg Wir waren G\u00e4ste der BTG M\u00fcnchen 07.02. Faschingsball des Kreisverbandes im Treffpunkt Stadtmitte Wendlingen 21.02. Hauptversammlung mit Wahlen DBJT, Ulm 13. &#8211;\u00a015.03. DBJT Brauchtumsseminar auf dem &hellip; <a href=\"https:\/\/banater-schwaben-es.de\/?page_id=1479\">Weiterlesen <span class=\"meta-nav\">&rarr;<\/span><\/a><\/p>\n","protected":false},"author":2,"featured_media":0,"parent":737,"menu_order":70,"comment_status":"closed","ping_status":"open","template":"","meta":{"footnotes":""},"class_list":["post-1479","page","type-page","status-publish","hentry"],"_links":{"self":[{"href":"https:\/\/banater-schwaben-es.de\/index.php?rest_route=\/wp\/v2\/pages\/1479","targetHints":{"allow":["GET"]}}],"collection":[{"href":"https:\/\/banater-schwaben-es.de\/index.php?rest_route=\/wp\/v2\/pages"}],"about":[{"href":"https:\/\/banater-schwaben-es.de\/index.php?rest_route=\/wp\/v2\/types\/page"}],"author":[{"embeddable":true,"href":"https:\/\/banater-schwaben-es.de\/index.php?rest_route=\/wp\/v2\/users\/2"}],"replies":[{"embeddable":true,"href":"https:\/\/banater-schwaben-es.de\/index.php?rest_route=%2Fwp%2Fv2%2Fcomments&post=1479"}],"version-history":[{"count":5,"href":"https:\/\/banater-schwaben-es.de\/index.php?rest_route=\/wp\/v2\/pages\/1479\/revisions"}],"predecessor-version":[{"id":1885,"href":"https:\/\/banater-schwaben-es.de\/index.php?rest_route=\/wp\/v2\/pages\/1479\/revisions\/1885"}],"up":[{"embeddable":true,"href":"https:\/\/banater-schwaben-es.de\/index.php?rest_route=\/wp\/v2\/pages\/737"}],"wp:attachment":[{"href":"https:\/\/banater-schwaben-es.de\/index.php?rest_route=%2Fwp%2Fv2%2Fmedia&parent=1479"}],"curies":[{"name":"wp","href":"https:\/\/api.w.org\/{rel}","templated":true}]}}